{"id":175,"date":"2023-09-26T00:50:07","date_gmt":"2023-09-26T00:50:07","guid":{"rendered":"https:\/\/causosefatos.com.br\/?page_id=175"},"modified":"2023-09-26T00:51:36","modified_gmt":"2023-09-26T00:51:36","slug":"sobre-nos","status":"publish","type":"page","link":"https:\/\/causosefatos.com.br\/index.php\/sobre-nos\/","title":{"rendered":"Sobre N\u00f3s"},"content":{"rendered":"\t\t<div data-elementor-type=\"wp-page\" data-elementor-id=\"175\" class=\"elementor elementor-175\">\n\t\t\t\t\t\t\t\t\t<section class=\"elementor-section elementor-top-section elementor-element elementor-element-1cc5e9c elementor-section-boxed elementor-section-height-default elementor-section-height-default wpr-particle-no wpr-jarallax-no wpr-parallax-no wpr-sticky-section-no\" data-id=\"1cc5e9c\" data-element_type=\"section\">\n\t\t\t\t\t\t<div class=\"elementor-container elementor-column-gap-default\">\n\t\t\t\t\t<div class=\"elementor-column elementor-col-100 elementor-top-column elementor-element elementor-element-0b93568\" data-id=\"0b93568\" data-element_type=\"column\">\n\t\t\t<div class=\"elementor-widget-wrap elementor-element-populated\">\n\t\t\t\t\t\t\t\t<div class=\"elementor-element elementor-element-f4c384c elementor-widget elementor-widget-heading\" data-id=\"f4c384c\" data-element_type=\"widget\" data-widget_type=\"heading.default\">\n\t\t\t\t<div class=\"elementor-widget-container\">\n\t\t\t<style>\/*! elementor - v3.16.0 - 20-09-2023 *\/\n.elementor-heading-title{padding:0;margin:0;line-height:1}.elementor-widget-heading .elementor-heading-title[class*=elementor-size-]>a{color:inherit;font-size:inherit;line-height:inherit}.elementor-widget-heading .elementor-heading-title.elementor-size-small{font-size:15px}.elementor-widget-heading .elementor-heading-title.elementor-size-medium{font-size:19px}.elementor-widget-heading .elementor-heading-title.elementor-size-large{font-size:29px}.elementor-widget-heading .elementor-heading-title.elementor-size-xl{font-size:39px}.elementor-widget-heading .elementor-heading-title.elementor-size-xxl{font-size:59px}<\/style><h2 class=\"elementor-heading-title elementor-size-default\">Sobre N\u00f3s<\/h2>\t\t<\/div>\n\t\t\t\t<\/div>\n\t\t\t\t<div class=\"elementor-element elementor-element-c839913 elementor-widget-divider--view-line elementor-widget elementor-widget-divider\" data-id=\"c839913\" data-element_type=\"widget\" data-widget_type=\"divider.default\">\n\t\t\t\t<div class=\"elementor-widget-container\">\n\t\t\t<style>\/*! elementor - v3.16.0 - 20-09-2023 *\/\n.elementor-widget-divider{--divider-border-style:none;--divider-border-width:1px;--divider-color:#0c0d0e;--divider-icon-size:20px;--divider-element-spacing:10px;--divider-pattern-height:24px;--divider-pattern-size:20px;--divider-pattern-url:none;--divider-pattern-repeat:repeat-x}.elementor-widget-divider .elementor-divider{display:flex}.elementor-widget-divider .elementor-divider__text{font-size:15px;line-height:1;max-width:95%}.elementor-widget-divider .elementor-divider__element{margin:0 var(--divider-element-spacing);flex-shrink:0}.elementor-widget-divider .elementor-icon{font-size:var(--divider-icon-size)}.elementor-widget-divider .elementor-divider-separator{display:flex;margin:0;direction:ltr}.elementor-widget-divider--view-line_icon .elementor-divider-separator,.elementor-widget-divider--view-line_text .elementor-divider-separator{align-items:center}.elementor-widget-divider--view-line_icon .elementor-divider-separator:after,.elementor-widget-divider--view-line_icon .elementor-divider-separator:before,.elementor-widget-divider--view-line_text .elementor-divider-separator:after,.elementor-widget-divider--view-line_text .elementor-divider-separator:before{display:block;content:\"\";border-bottom:0;flex-grow:1;border-top:var(--divider-border-width) var(--divider-border-style) var(--divider-color)}.elementor-widget-divider--element-align-left .elementor-divider .elementor-divider-separator>.elementor-divider__svg:first-of-type{flex-grow:0;flex-shrink:100}.elementor-widget-divider--element-align-left .elementor-divider-separator:before{content:none}.elementor-widget-divider--element-align-left .elementor-divider__element{margin-left:0}.elementor-widget-divider--element-align-right .elementor-divider .elementor-divider-separator>.elementor-divider__svg:last-of-type{flex-grow:0;flex-shrink:100}.elementor-widget-divider--element-align-right .elementor-divider-separator:after{content:none}.elementor-widget-divider--element-align-right .elementor-divider__element{margin-right:0}.elementor-widget-divider:not(.elementor-widget-divider--view-line_text):not(.elementor-widget-divider--view-line_icon) .elementor-divider-separator{border-top:var(--divider-border-width) var(--divider-border-style) var(--divider-color)}.elementor-widget-divider--separator-type-pattern{--divider-border-style:none}.elementor-widget-divider--separator-type-pattern.elementor-widget-divider--view-line .elementor-divider-separator,.elementor-widget-divider--separator-type-pattern:not(.elementor-widget-divider--view-line) .elementor-divider-separator:after,.elementor-widget-divider--separator-type-pattern:not(.elementor-widget-divider--view-line) .elementor-divider-separator:before,.elementor-widget-divider--separator-type-pattern:not([class*=elementor-widget-divider--view]) .elementor-divider-separator{width:100%;min-height:var(--divider-pattern-height);-webkit-mask-size:var(--divider-pattern-size) 100%;mask-size:var(--divider-pattern-size) 100%;-webkit-mask-repeat:var(--divider-pattern-repeat);mask-repeat:var(--divider-pattern-repeat);background-color:var(--divider-color);-webkit-mask-image:var(--divider-pattern-url);mask-image:var(--divider-pattern-url)}.elementor-widget-divider--no-spacing{--divider-pattern-size:auto}.elementor-widget-divider--bg-round{--divider-pattern-repeat:round}.rtl .elementor-widget-divider .elementor-divider__text{direction:rtl}.e-con-inner>.elementor-widget-divider,.e-con>.elementor-widget-divider{width:var(--container-widget-width,100%);--flex-grow:var(--container-widget-flex-grow)}<\/style>\t\t<div class=\"elementor-divider\">\n\t\t\t<span class=\"elementor-divider-separator\">\n\t\t\t\t\t\t<\/span>\n\t\t<\/div>\n\t\t\t\t<\/div>\n\t\t\t\t<\/div>\n\t\t\t\t\t<\/div>\n\t\t<\/div>\n\t\t\t\t\t\t\t<\/div>\n\t\t<\/section>\n\t\t\t\t<section class=\"elementor-section elementor-top-section elementor-element elementor-element-fde4e51 elementor-section-boxed elementor-section-height-default elementor-section-height-default wpr-particle-no wpr-jarallax-no wpr-parallax-no wpr-sticky-section-no\" data-id=\"fde4e51\" data-element_type=\"section\">\n\t\t\t\t\t\t<div class=\"elementor-container elementor-column-gap-default\">\n\t\t\t\t\t<div class=\"elementor-column elementor-col-100 elementor-top-column elementor-element elementor-element-f8e67e3\" data-id=\"f8e67e3\" data-element_type=\"column\">\n\t\t\t<div class=\"elementor-widget-wrap elementor-element-populated\">\n\t\t\t\t\t\t\t\t<div class=\"elementor-element elementor-element-3210b4d elementor-widget elementor-widget-text-editor\" data-id=\"3210b4d\" data-element_type=\"widget\" data-widget_type=\"text-editor.default\">\n\t\t\t\t<div class=\"elementor-widget-container\">\n\t\t\t<style>\/*! elementor - v3.16.0 - 20-09-2023 *\/\n.elementor-widget-text-editor.elementor-drop-cap-view-stacked .elementor-drop-cap{background-color:#69727d;color:#fff}.elementor-widget-text-editor.elementor-drop-cap-view-framed .elementor-drop-cap{color:#69727d;border:3px solid;background-color:transparent}.elementor-widget-text-editor:not(.elementor-drop-cap-view-default) .elementor-drop-cap{margin-top:8px}.elementor-widget-text-editor:not(.elementor-drop-cap-view-default) .elementor-drop-cap-letter{width:1em;height:1em}.elementor-widget-text-editor .elementor-drop-cap{float:left;text-align:center;line-height:1;font-size:50px}.elementor-widget-text-editor .elementor-drop-cap-letter{display:inline-block}<\/style>\t\t\t\t<div class=\"the_content\"><p>Quem se debru\u00e7ar sobre a cultura do sert\u00e3o nordestino n\u00e3o tardar\u00e1 em perceber o tesouro que s\u00e3o os \u201ccausos\u201d e fatos escondidos em cada parte da regi\u00e3o. Poetas, artes\u00e3os, m\u00fasicos, escritores e tantos outros artistas enriquecem seus repert\u00f3rios atrav\u00e9s das lendas, tradi\u00e7\u00f5es e acontecimentos hist\u00f3ricos.<\/p><p>O projeto \u201ccausos e fatos\u201d surgiu para fazer o papel de ca\u00e7ador de tesouros culturais da regi\u00e3o, principalmente no sert\u00e3o de Itaparica. Aqui se garimpa e lapida as pepitas de cultura que possam, talvez, inspirar produ\u00e7\u00e3o de joias de arte nordestina.<\/p><div class=\"wp-block-image\"><figure class=\"alignleft size-full is-resized\"><img loading=\"lazy\" decoding=\"async\" class=\"wp-image-93\" src=\"https:\/\/causosefatos.com.br\/wp-content\/uploads\/2023\/09\/eu.webp\" sizes=\"(max-width: 325px) 100vw, 325px\" srcset=\"https:\/\/causosefatos.com.br\/wp-content\/uploads\/2023\/09\/eu.webp 895w, https:\/\/causosefatos.com.br\/wp-content\/uploads\/2023\/09\/eu-300x240.webp 300w, https:\/\/causosefatos.com.br\/wp-content\/uploads\/2023\/09\/eu-768x615.webp 768w\" alt=\"\" width=\"325\" height=\"259\" \/><\/figure><\/div><p>Esta empreitada tem miss\u00e3o de preservar e compartilhar tal tesouro cultural, art\u00edstico e hist\u00f3rico do sert\u00e3o nordestino. Atrav\u00e9s do nosso site, canal no YouTube e presen\u00e7a nas redes sociais, buscamos educar, inspirar e envolver as pessoas, promovendo uma aprecia\u00e7\u00e3o mais profunda da cultura nordestina e contribuindo para sua valoriza\u00e7\u00e3o e preserva\u00e7\u00e3o.<\/p><p>O \u201cCausos e fatos\u201d foi idelizado e produzido por Francis Rubens, s\u00f3cio-fundador do IGH Petrol\u00e2ndia, poeta, produtor e banc\u00e1rio.<\/p><p>Tamb\u00e9m conta com a colabora\u00e7\u00e3o de Paula Franciente Rubens, produtora cultural, memorialista, co-fundadora do Instituto Geogr\u00e1fico e Hist\u00f3rico de Petrol\u00e2ndia, autora do livros \u201c O Jatob\u00e1 que Virou Mar\u201d, \u201cFesta, F\u00e9 e Arte, manifesta\u00e7\u00f5es culturais de Petrol\u00e2ndia.\u201d e \u201cFragmentos da Hist\u00f3ria de Petrol\u00e2ndia\u201d (ainda in\u00e9dito).<\/p><p>Nessa lapida\u00e7\u00e3o ser\u00e1 preciso que se crie uma comunidade ativa e engajada que celebre a cultura, a arte e a hist\u00f3ria da regi\u00e3o. Por isso o projeto se coloca como ferramenta para que pessoas possam compartilhar sua arte e expressar\u00a0<img loading=\"lazy\" decoding=\"async\" class=\"wp-image-95 alignright\" src=\"https:\/\/causosefatos.com.br\/wp-content\/uploads\/2023\/09\/mae-desenho.webp\" alt=\"\" width=\"429\" height=\"391\" \/>viv\u00eancias, assim como, ser fonte de conhecimento e inspira\u00e7\u00e3o para todos que busquem entender o sert\u00e3o nordestino e que queiram produzir riquezas atrav\u00e9s das brutas gemas que brotam destas terras.<\/p><\/div>\t\t\t\t\t\t<\/div>\n\t\t\t\t<\/div>\n\t\t\t\t<div class=\"elementor-element elementor-element-cd9958c elementor-widget elementor-widget-heading\" data-id=\"cd9958c\" data-element_type=\"widget\" data-widget_type=\"heading.default\">\n\t\t\t\t<div class=\"elementor-widget-container\">\n\t\t\t<h2 class=\"elementor-heading-title elementor-size-default\">Nossos Contatos<\/h2>\t\t<\/div>\n\t\t\t\t<\/div>\n\t\t\t\t\t<\/div>\n\t\t<\/div>\n\t\t\t\t\t\t\t<\/div>\n\t\t<\/section>\n\t\t\t\t<section class=\"elementor-section elementor-top-section elementor-element elementor-element-c7bfe4f elementor-section-boxed elementor-section-height-default elementor-section-height-default wpr-particle-no wpr-jarallax-no wpr-parallax-no wpr-sticky-section-no\" data-id=\"c7bfe4f\" data-element_type=\"section\">\n\t\t\t\t\t\t<div class=\"elementor-container elementor-column-gap-default\">\n\t\t\t\t\t<div class=\"elementor-column elementor-col-100 elementor-top-column elementor-element elementor-element-efbddf6\" data-id=\"efbddf6\" data-element_type=\"column\">\n\t\t\t<div class=\"elementor-widget-wrap elementor-element-populated\">\n\t\t\t\t\t\t\t\t<div class=\"elementor-element elementor-element-5724b17 elementor-widget-divider--view-line elementor-widget elementor-widget-divider\" data-id=\"5724b17\" data-element_type=\"widget\" data-widget_type=\"divider.default\">\n\t\t\t\t<div class=\"elementor-widget-container\">\n\t\t\t\t\t<div class=\"elementor-divider\">\n\t\t\t<span class=\"elementor-divider-separator\">\n\t\t\t\t\t\t<\/span>\n\t\t<\/div>\n\t\t\t\t<\/div>\n\t\t\t\t<\/div>\n\t\t\t\t\t<\/div>\n\t\t<\/div>\n\t\t\t\t\t\t\t<\/div>\n\t\t<\/section>\n\t\t\t\t<section class=\"elementor-section elementor-top-section elementor-element elementor-element-096c815 elementor-section-boxed elementor-section-height-default elementor-section-height-default wpr-particle-no wpr-jarallax-no wpr-parallax-no wpr-sticky-section-no\" data-id=\"096c815\" data-element_type=\"section\">\n\t\t\t\t\t\t<div class=\"elementor-container elementor-column-gap-default\">\n\t\t\t\t\t<div class=\"elementor-column elementor-col-33 elementor-top-column elementor-element elementor-element-2e787a1\" data-id=\"2e787a1\" data-element_type=\"column\">\n\t\t\t<div class=\"elementor-widget-wrap elementor-element-populated\">\n\t\t\t\t\t\t\t\t<div class=\"elementor-element elementor-element-ddea08c elementor-widget elementor-widget-image\" data-id=\"ddea08c\" data-element_type=\"widget\" data-widget_type=\"image.default\">\n\t\t\t\t<div class=\"elementor-widget-container\">\n\t\t\t<style>\/*! elementor - v3.16.0 - 20-09-2023 *\/\n.elementor-widget-image{text-align:center}.elementor-widget-image a{display:inline-block}.elementor-widget-image a img[src$=\".svg\"]{width:48px}.elementor-widget-image img{vertical-align:middle;display:inline-block}<\/style>\t\t\t\t\t\t\t\t\t<figure class=\"wp-caption\">\n\t\t\t\t\t\t\t\t\t\t\t<a href=\"https:\/\/e.customeriomail.com\/e\/c\/eyJlbWFpbF9pZCI6ImRnU1JpQWNCQUw2UGlRRzlqNGtCQVlyRUtaOVk5UU5kV2tIUm1UeXlRZz09IiwiaHJlZiI6Imh0dHBzOi8vY29udGF0ZS5tZS9jYXVzb3NlZmF0b3MiLCJpbnRlcm5hbCI6IjkxODgwNzRhZGRjZjAxYmU4Zjg5MDEiLCJsaW5rX2lkIjoyNH0\/42fed98618800ec657d325d08540dbeb8930fa814f81ec8b8b7df6a49bdd35fc\">\n\t\t\t\t\t\t\t<img decoding=\"async\" src=\"https:\/\/causosefatos.com.br\/wp-content\/uploads\/elementor\/thumbs\/zap-com-fund-1-qcv12lg5f17oi8q8bumr2u3vbtayohs4pfj0ynb0po.png\" title=\"zap com fund\" alt=\"zap com fund\" loading=\"lazy\" \/>\t\t\t\t\t\t\t\t<\/a>\n\t\t\t\t\t\t\t\t\t\t\t<figcaption class=\"widget-image-caption wp-caption-text\">WhatsApp<\/figcaption>\n\t\t\t\t\t\t\t\t\t\t<\/figure>\n\t\t\t\t\t\t\t\t\t<\/div>\n\t\t\t\t<\/div>\n\t\t\t\t\t<\/div>\n\t\t<\/div>\n\t\t\t\t<div class=\"elementor-column elementor-col-33 elementor-top-column elementor-element elementor-element-b5b8b9a\" data-id=\"b5b8b9a\" data-element_type=\"column\">\n\t\t\t<div class=\"elementor-widget-wrap elementor-element-populated\">\n\t\t\t\t\t\t\t\t<div class=\"elementor-element elementor-element-c49c95a elementor-widget elementor-widget-image\" data-id=\"c49c95a\" data-element_type=\"widget\" data-widget_type=\"image.default\">\n\t\t\t\t<div class=\"elementor-widget-container\">\n\t\t\t\t\t\t\t\t\t\t\t\t<figure class=\"wp-caption\">\n\t\t\t\t\t\t\t\t\t\t\t<a href=\"mailto:contato@causosefatos.com.br\">\n\t\t\t\t\t\t\t<img decoding=\"async\" src=\"https:\/\/causosefatos.com.br\/wp-content\/uploads\/elementor\/thumbs\/email-com-fundo-qcv0yv189q3oe05h4qj3oa0ydpph3ryiiy8lc2ubfg.png\" title=\"email com fundo\" alt=\"email com fundo\" loading=\"lazy\" \/>\t\t\t\t\t\t\t\t<\/a>\n\t\t\t\t\t\t\t\t\t\t\t<figcaption class=\"widget-image-caption wp-caption-text\">Email<\/figcaption>\n\t\t\t\t\t\t\t\t\t\t<\/figure>\n\t\t\t\t\t\t\t\t\t<\/div>\n\t\t\t\t<\/div>\n\t\t\t\t\t<\/div>\n\t\t<\/div>\n\t\t\t\t<div class=\"elementor-column elementor-col-33 elementor-top-column elementor-element elementor-element-1d433e4\" data-id=\"1d433e4\" data-element_type=\"column\">\n\t\t\t<div class=\"elementor-widget-wrap elementor-element-populated\">\n\t\t\t\t\t\t\t\t<div class=\"elementor-element elementor-element-1628dce elementor-widget elementor-widget-image\" data-id=\"1628dce\" data-element_type=\"widget\" data-widget_type=\"image.default\">\n\t\t\t\t<div class=\"elementor-widget-container\">\n\t\t\t\t\t\t\t\t\t\t\t\t<figure class=\"wp-caption\">\n\t\t\t\t\t\t\t\t\t\t\t<a href=\"https:\/\/www.instagram.com\/causosefatossertao\/\">\n\t\t\t\t\t\t\t<img decoding=\"async\" src=\"https:\/\/causosefatos.com.br\/wp-content\/uploads\/elementor\/thumbs\/instagram-com-fundo-qcv12uujbdkjqccksyp0rrqh9o0mtgtg2q1vrex2zg.png\" title=\"instagram com fundo\" alt=\"instagram com fundo\" loading=\"lazy\" \/>\t\t\t\t\t\t\t\t<\/a>\n\t\t\t\t\t\t\t\t\t\t\t<figcaption class=\"widget-image-caption wp-caption-text\">Instagram<\/figcaption>\n\t\t\t\t\t\t\t\t\t\t<\/figure>\n\t\t\t\t\t\t\t\t\t<\/div>\n\t\t\t\t<\/div>\n\t\t\t\t\t<\/div>\n\t\t<\/div>\n\t\t\t\t\t\t\t<\/div>\n\t\t<\/section>\n\t\t\t\t\t\t\t<\/div>\n\t\t","protected":false},"excerpt":{"rendered":"<p>Sobre N\u00f3s Quem se debru\u00e7ar sobre a cultura do sert\u00e3o nordestino n\u00e3o tardar\u00e1 em perceber<\/p>\n","protected":false},"author":1,"featured_media":0,"parent":0,"menu_order":0,"comment_status":"open","ping_status":"closed","template":"elementor_header_footer","meta":{"footnotes":""},"yoast_head":"<!-- This site is optimized with the Yoast SEO plugin v21.2 - https:\/\/yoast.com\/wordpress\/plugins\/seo\/ -->\n<title>Sobre N\u00f3s - Causos e Fatos<\/title>\n<meta name=\"robots\" content=\"index, follow, max-snippet:-1, max-image-preview:large, max-video-preview:-1\" \/>\n<link rel=\"canonical\" href=\"https:\/\/causosefatos.com.br\/index.php\/sobre-nos\/\" \/>\n<meta property=\"og:locale\" content=\"pt_BR\" \/>\n<meta property=\"og:type\" content=\"article\" \/>\n<meta property=\"og:title\" content=\"Sobre N\u00f3s - Causos e Fatos\" \/>\n<meta property=\"og:description\" content=\"Sobre N\u00f3s Quem se debru\u00e7ar sobre a cultura do sert\u00e3o nordestino n\u00e3o tardar\u00e1 em perceber\" \/>\n<meta property=\"og:url\" content=\"https:\/\/causosefatos.com.br\/index.php\/sobre-nos\/\" \/>\n<meta property=\"og:site_name\" content=\"Causos e Fatos\" \/>\n<meta property=\"article:modified_time\" content=\"2023-09-26T00:51:36+00:00\" \/>\n<meta property=\"og:image\" content=\"https:\/\/causosefatos.com.br\/wp-content\/uploads\/2023\/09\/eu.webp\" \/>\n<meta name=\"twitter:card\" content=\"summary_large_image\" \/>\n<meta name=\"twitter:label1\" content=\"Est. tempo de leitura\" \/>\n\t<meta name=\"twitter:data1\" content=\"3 minutos\" \/>\n<script type=\"application\/ld+json\" class=\"yoast-schema-graph\">{\"@context\":\"https:\/\/schema.org\",\"@graph\":[{\"@type\":\"WebPage\",\"@id\":\"https:\/\/causosefatos.com.br\/index.php\/sobre-nos\/\",\"url\":\"https:\/\/causosefatos.com.br\/index.php\/sobre-nos\/\",\"name\":\"Sobre N\u00f3s - Causos e Fatos\",\"isPartOf\":{\"@id\":\"https:\/\/causosefatos.com.br\/#website\"},\"datePublished\":\"2023-09-26T00:50:07+00:00\",\"dateModified\":\"2023-09-26T00:51:36+00:00\",\"breadcrumb\":{\"@id\":\"https:\/\/causosefatos.com.br\/index.php\/sobre-nos\/#breadcrumb\"},\"inLanguage\":\"pt-BR\",\"potentialAction\":[{\"@type\":\"ReadAction\",\"target\":[\"https:\/\/causosefatos.com.br\/index.php\/sobre-nos\/\"]}]},{\"@type\":\"BreadcrumbList\",\"@id\":\"https:\/\/causosefatos.com.br\/index.php\/sobre-nos\/#breadcrumb\",\"itemListElement\":[{\"@type\":\"ListItem\",\"position\":1,\"name\":\"In\u00edcio\",\"item\":\"https:\/\/causosefatos.com.br\/\"},{\"@type\":\"ListItem\",\"position\":2,\"name\":\"Sobre N\u00f3s\"}]},{\"@type\":\"WebSite\",\"@id\":\"https:\/\/causosefatos.com.br\/#website\",\"url\":\"https:\/\/causosefatos.com.br\/\",\"name\":\"Causos e Fatos\",\"description\":\"\",\"publisher\":{\"@id\":\"https:\/\/causosefatos.com.br\/#organization\"},\"potentialAction\":[{\"@type\":\"SearchAction\",\"target\":{\"@type\":\"EntryPoint\",\"urlTemplate\":\"https:\/\/causosefatos.com.br\/?s={search_term_string}\"},\"query-input\":\"required name=search_term_string\"}],\"inLanguage\":\"pt-BR\"},{\"@type\":\"Organization\",\"@id\":\"https:\/\/causosefatos.com.br\/#organization\",\"name\":\"Causos e Fatos\",\"url\":\"https:\/\/causosefatos.com.br\/\",\"logo\":{\"@type\":\"ImageObject\",\"inLanguage\":\"pt-BR\",\"@id\":\"https:\/\/causosefatos.com.br\/#\/schema\/logo\/image\/\",\"url\":\"https:\/\/causosefatos.com.br\/wp-content\/uploads\/2024\/07\/cropped-Ativo-4.png\",\"contentUrl\":\"https:\/\/causosefatos.com.br\/wp-content\/uploads\/2024\/07\/cropped-Ativo-4.png\",\"width\":592,\"height\":130,\"caption\":\"Causos e Fatos\"},\"image\":{\"@id\":\"https:\/\/causosefatos.com.br\/#\/schema\/logo\/image\/\"}}]}<\/script>\n<!-- \/ Yoast SEO plugin. -->","yoast_head_json":{"title":"Sobre N\u00f3s - Causos e Fatos","robots":{"index":"index","follow":"follow","max-snippet":"max-snippet:-1","max-image-preview":"max-image-preview:large","max-video-preview":"max-video-preview:-1"},"canonical":"https:\/\/causosefatos.com.br\/index.php\/sobre-nos\/","og_locale":"pt_BR","og_type":"article","og_title":"Sobre N\u00f3s - Causos e Fatos","og_description":"Sobre N\u00f3s Quem se debru\u00e7ar sobre a cultura do sert\u00e3o nordestino n\u00e3o tardar\u00e1 em perceber","og_url":"https:\/\/causosefatos.com.br\/index.php\/sobre-nos\/","og_site_name":"Causos e Fatos","article_modified_time":"2023-09-26T00:51:36+00:00","og_image":[{"url":"https:\/\/causosefatos.com.br\/wp-content\/uploads\/2023\/09\/eu.webp"}],"twitter_card":"summary_large_image","twitter_misc":{"Est. tempo de leitura":"3 minutos"},"schema":{"@context":"https:\/\/schema.org","@graph":[{"@type":"WebPage","@id":"https:\/\/causosefatos.com.br\/index.php\/sobre-nos\/","url":"https:\/\/causosefatos.com.br\/index.php\/sobre-nos\/","name":"Sobre N\u00f3s - Causos e Fatos","isPartOf":{"@id":"https:\/\/causosefatos.com.br\/#website"},"datePublished":"2023-09-26T00:50:07+00:00","dateModified":"2023-09-26T00:51:36+00:00","breadcrumb":{"@id":"https:\/\/causosefatos.com.br\/index.php\/sobre-nos\/#breadcrumb"},"inLanguage":"pt-BR","potentialAction":[{"@type":"ReadAction","target":["https:\/\/causosefatos.com.br\/index.php\/sobre-nos\/"]}]},{"@type":"BreadcrumbList","@id":"https:\/\/causosefatos.com.br\/index.php\/sobre-nos\/#breadcrumb","itemListElement":[{"@type":"ListItem","position":1,"name":"In\u00edcio","item":"https:\/\/causosefatos.com.br\/"},{"@type":"ListItem","position":2,"name":"Sobre N\u00f3s"}]},{"@type":"WebSite","@id":"https:\/\/causosefatos.com.br\/#website","url":"https:\/\/causosefatos.com.br\/","name":"Causos e Fatos","description":"","publisher":{"@id":"https:\/\/causosefatos.com.br\/#organization"},"potentialAction":[{"@type":"SearchAction","target":{"@type":"EntryPoint","urlTemplate":"https:\/\/causosefatos.com.br\/?s={search_term_string}"},"query-input":"required name=search_term_string"}],"inLanguage":"pt-BR"},{"@type":"Organization","@id":"https:\/\/causosefatos.com.br\/#organization","name":"Causos e Fatos","url":"https:\/\/causosefatos.com.br\/","logo":{"@type":"ImageObject","inLanguage":"pt-BR","@id":"https:\/\/causosefatos.com.br\/#\/schema\/logo\/image\/","url":"https:\/\/causosefatos.com.br\/wp-content\/uploads\/2024\/07\/cropped-Ativo-4.png","contentUrl":"https:\/\/causosefatos.com.br\/wp-content\/uploads\/2024\/07\/cropped-Ativo-4.png","width":592,"height":130,"caption":"Causos e Fatos"},"image":{"@id":"https:\/\/causosefatos.com.br\/#\/schema\/logo\/image\/"}}]}},"_links":{"self":[{"href":"https:\/\/causosefatos.com.br\/index.php\/wp-json\/wp\/v2\/pages\/175"}],"collection":[{"href":"https:\/\/causosefatos.com.br\/index.php\/wp-json\/wp\/v2\/pages"}],"about":[{"href":"https:\/\/causosefatos.com.br\/index.php\/wp-json\/wp\/v2\/types\/page"}],"author":[{"embeddable":true,"href":"https:\/\/causosefatos.com.br\/index.php\/wp-json\/wp\/v2\/users\/1"}],"replies":[{"embeddable":true,"href":"https:\/\/causosefatos.com.br\/index.php\/wp-json\/wp\/v2\/comments?post=175"}],"version-history":[{"count":4,"href":"https:\/\/causosefatos.com.br\/index.php\/wp-json\/wp\/v2\/pages\/175\/revisions"}],"predecessor-version":[{"id":179,"href":"https:\/\/causosefatos.com.br\/index.php\/wp-json\/wp\/v2\/pages\/175\/revisions\/179"}],"wp:attachment":[{"href":"https:\/\/causosefatos.com.br\/index.php\/wp-json\/wp\/v2\/media?parent=175"}],"curies":[{"name":"wp","href":"https:\/\/api.w.org\/{rel}","templated":true}]}}